{"id":8506,"date":"2022-11-15T14:54:13","date_gmt":"2022-11-15T14:54:13","guid":{"rendered":"http:\/\/www.intelac.eu\/?page_id=8506"},"modified":"2024-02-05T14:18:22","modified_gmt":"2024-02-05T13:18:22","slug":"contacto","status":"publish","type":"page","link":"https:\/\/www.intelac.eu\/es\/contacto\/","title":{"rendered":"CONTACTO"},"content":{"rendered":"<div data-elementor-type=\"wp-page\" data-elementor-id=\"8506\" class=\"elementor elementor-8506\">\n\t\t\t\t\t\t<section class=\"elementor-section elementor-top-section elementor-element elementor-element-42b3e1a0 elementor-section-full_width elementor-section-height-default elementor-section-height-default\" data-id=\"42b3e1a0\" data-element_type=\"section\" data-e-type=\"section\">\n\t\t\t\t\t\t<div class=\"elementor-container elementor-column-gap-no\">\n\t\t\t\t\t<div class=\"elementor-column elementor-col-100 elementor-top-column elementor-element elementor-element-216798a7\" data-id=\"216798a7\" data-element_type=\"column\" data-e-type=\"column\">\n\t\t\t<div class=\"elementor-widget-wrap\">\n\t\t\t\t\t\t\t<\/div>\n\t\t<\/div>\n\t\t\t\t\t<\/div>\n\t\t<\/section>\n\t\t\t\t<section class=\"elementor-section elementor-top-section elementor-element elementor-element-1fd6f9d7 elementor-section-boxed elementor-section-height-default elementor-section-height-default\" data-id=\"1fd6f9d7\" data-element_type=\"section\" data-e-type=\"section\">\n\t\t\t\t\t\t<div class=\"elementor-container elementor-column-gap-no\">\n\t\t\t\t\t<div class=\"elementor-column elementor-col-50 elementor-top-column elementor-element elementor-element-7a5a92e0\" data-id=\"7a5a92e0\" data-element_type=\"column\" data-e-type=\"column\">\n\t\t\t<div class=\"elementor-widget-wrap elementor-element-populated\">\n\t\t\t\t\t\t<div class=\"elementor-element elementor-element-dc9f633 elementor-widget elementor-widget-google_maps\" data-id=\"dc9f633\" data-element_type=\"widget\" data-e-type=\"widget\" data-widget_type=\"google_maps.default\">\n\t\t\t\t<div class=\"elementor-widget-container\">\n\t\t\t\t\t\t\t<div class=\"elementor-custom-embed\">\n\t\t\t<iframe loading=\"lazy\"\n\t\t\t\t\tsrc=\"https:\/\/maps.google.com\/maps?q=Avenida%20Pa%C3%AFsos%20Catalans%2C%2017-19%2C%2043007%2C%20Tarragona&#038;t=m&#038;z=16&#038;output=embed&#038;iwloc=near\"\n\t\t\t\t\ttitle=\"Avenida Pa\u00efsos Catalans, 17-19, 43007, Tarragona\"\n\t\t\t\t\taria-label=\"Avenida Pa\u00efsos Catalans, 17-19, 43007, Tarragona\"\n\t\t\t><\/iframe>\n\t\t<\/div>\n\t\t\t\t\t\t<\/div>\n\t\t\t\t<\/div>\n\t\t\t\t\t<\/div>\n\t\t<\/div>\n\t\t\t\t<div class=\"elementor-column elementor-col-50 elementor-top-column elementor-element elementor-element-634dc361\" data-id=\"634dc361\" data-element_type=\"column\" data-e-type=\"column\">\n\t\t\t<div class=\"elementor-widget-wrap\">\n\t\t\t\t\t\t\t<\/div>\n\t\t<\/div>\n\t\t\t\t\t<\/div>\n\t\t<\/section>\n\t\t\t\t<\/div>","protected":false},"excerpt":{"rendered":"<p>PONERSE EN CONTACTO \u00bfTienes un proyecto en mente?Cont\u00e1ctanos Localizaci\u00f3n de la oficina Avenida Pa\u00efsos Catalans, 17-19, 43007, Tarragona Correo electr\u00f3nico [&hellip;]<\/p>\n","protected":false},"author":1,"featured_media":0,"parent":0,"menu_order":0,"comment_status":"closed","ping_status":"closed","template":"tpl-default-elementor.php","meta":{"footnotes":""},"class_list":["post-8506","page","type-page","status-publish","hentry"],"_links":{"self":[{"href":"https:\/\/www.intelac.eu\/es\/wp-json\/wp\/v2\/pages\/8506","targetHints":{"allow":["GET"]}}],"collection":[{"href":"https:\/\/www.intelac.eu\/es\/wp-json\/wp\/v2\/pages"}],"about":[{"href":"https:\/\/www.intelac.eu\/es\/wp-json\/wp\/v2\/types\/page"}],"author":[{"embeddable":true,"href":"https:\/\/www.intelac.eu\/es\/wp-json\/wp\/v2\/users\/1"}],"replies":[{"embeddable":true,"href":"https:\/\/www.intelac.eu\/es\/wp-json\/wp\/v2\/comments?post=8506"}],"version-history":[{"count":3,"href":"https:\/\/www.intelac.eu\/es\/wp-json\/wp\/v2\/pages\/8506\/revisions"}],"predecessor-version":[{"id":9492,"href":"https:\/\/www.intelac.eu\/es\/wp-json\/wp\/v2\/pages\/8506\/revisions\/9492"}],"wp:attachment":[{"href":"https:\/\/www.intelac.eu\/es\/wp-json\/wp\/v2\/media?parent=8506"}],"curies":[{"name":"wp","href":"https:\/\/api.w.org\/{rel}","templated":true}]}}