{"id":9289,"date":"2023-06-14T10:16:27","date_gmt":"2023-06-14T10:16:27","guid":{"rendered":"https:\/\/www.intelac.eu\/?page_id=9289"},"modified":"2024-03-28T23:49:00","modified_gmt":"2024-03-28T22:49:00","slug":"e-learning-2","status":"publish","type":"page","link":"https:\/\/www.intelac.eu\/es\/e-learning-2\/","title":{"rendered":"E-Learning"},"content":{"rendered":"\t\t<div data-elementor-type=\"wp-page\" data-elementor-id=\"9289\" class=\"elementor elementor-9289\">\n\t\t\t\t\t\t<section class=\"elementor-section elementor-top-section elementor-element elementor-element-922afd7 elementor-section-boxed elementor-section-height-default elementor-section-height-default\" data-id=\"922afd7\" data-element_type=\"section\" data-e-type=\"section\">\n\t\t\t\t\t\t<div class=\"elementor-container elementor-column-gap-default\">\n\t\t\t\t\t<div class=\"elementor-column elementor-col-100 elementor-top-column elementor-element elementor-element-6ecb0c8\" data-id=\"6ecb0c8\" data-element_type=\"column\" data-e-type=\"column\">\n\t\t\t<div class=\"elementor-widget-wrap elementor-element-populated\">\n\t\t\t\t\t\t<div class=\"elementor-element elementor-element-caa1fa9 elementor-widget elementor-widget-video\" data-id=\"caa1fa9\" data-element_type=\"widget\" data-e-type=\"widget\" data-settings=\"{&quot;video_type&quot;:&quot;hosted&quot;,&quot;controls&quot;:&quot;yes&quot;}\" data-widget_type=\"video.default\">\n\t\t\t\t<div class=\"elementor-widget-container\">\n\t\t\t\t\t\t\t<div class=\"e-hosted-video elementor-wrapper elementor-open-inline\">\n\t\t\t\t\t<video class=\"elementor-video\" src=\"https:\/\/www.intelac.eu\/wp-content\/uploads\/2024\/03\/intelac-ES.mp4\" controls=\"\" preload=\"metadata\" controlsList=\"nodownload\"><\/video>\n\t\t\t\t<\/div>\n\t\t\t\t\t\t<\/div>\n\t\t\t\t<\/div>\n\t\t\t\t\t<\/div>\n\t\t<\/div>\n\t\t\t\t\t<\/div>\n\t\t<\/section>\n\t\t\t\t<section class=\"elementor-section elementor-top-section elementor-element elementor-element-7e3c7f6 elementor-section-content-middle elementor-section-stretched elementor-section-boxed elementor-section-height-default elementor-section-height-default\" data-id=\"7e3c7f6\" data-element_type=\"section\" data-e-type=\"section\" data-settings=\"{&quot;stretch_section&quot;:&quot;section-stretched&quot;}\">\n\t\t\t\t\t\t<div class=\"elementor-container elementor-column-gap-default\">\n\t\t\t\t\t<div class=\"elementor-column elementor-col-100 elementor-top-column elementor-element elementor-element-0163b9a\" data-id=\"0163b9a\" data-element_type=\"column\" data-e-type=\"column\">\n\t\t\t<div class=\"elementor-widget-wrap elementor-element-populated\">\n\t\t\t\t\t\t<div class=\"elementor-element elementor-element-f60aa8e elementor-widget elementor-widget-learnpress_list_courses\" data-id=\"f60aa8e\" data-element_type=\"widget\" data-e-type=\"widget\" data-widget_type=\"learnpress_list_courses.default\">\n\t\t\t\t<div class=\"elementor-widget-container\">\n\t\t\t\t\t\t\t\t<div class=\"lp-archive-courses\">\r\n\t\t\t\t<ul class=\"learn-press-courses lp-list-courses-no-css\" data-layout=\"list\"\r\n\t\t\t\t\tdata-size=\"10\">\r\n\t\t\t\t\t<li class=\"course\"><div class=\"course-item\" data-id=\"9378\"><div class=\"course-thumbnail\"><a href=\"https:\/\/www.intelac.eu\/es\/courses\/habilidades-laborales-para-migrantes-y-refugiados-latinoamericanos-curso-a-distancia\/\"><div class=\"course-img\"><img decoding=\"async\" src=\"https:\/\/www.intelac.eu\/wp-content\/uploads\/2023\/09\/business-meeting-about-employment-scaled-500x300.jpg\" alt=\"miniatura del curso\"><\/div><\/a><\/div><div class=\"course-content\"><h3 class=\"wap-course-title\"><a class=\"course-permalink\" href=\"https:\/\/www.intelac.eu\/es\/courses\/habilidades-laborales-para-migrantes-y-refugiados-latinoamericanos-curso-a-distancia\/\"><span class='course-title'>Habilidades laborales para migrantes y refugiados latinoamericanos Curso a distancia<\/span><\/a><\/h3><div class=\"course-instructor-category\"><div><label>por<\/label> <div class=\"course-instructor\"><a href=\"https:\/\/www.intelac.eu\/instructor\/intelac\/\"  > <span class=\"instructor-display-name\">admin<\/span><\/a><\/div><\/div><\/div><div class=\"course-wrap-meta\"><div class=\"meta-item meta-item-duration\"><span class=\"course-duration\">De por vida<\/span><\/div><div class=\"meta-item meta-item-level\"><span class=\"course-level\">Todos los niveles<\/span><\/div><div class=\"meta-item meta-item-lesson\"><div class=\"course-count-item lp_lesson\">9 Lecciones<\/div><\/div><div class=\"meta-item meta-item-quiz\"><div class=\"course-count-item lp_quiz\">5 Cuestionario<\/div><\/div><div class=\"meta-item meta-item-student\"><div class=\"course-count-student\">58 Estudiantes<\/div><\/div><\/div><p class=\"course-short-description\">\u00a1Bienvenidos a nuestro E-Learning course!\u00a0 Este curso est\u00e1 compuesto por m\u00f3dulos dise\u00f1ados para facilitar la integraci\u00f3n laboral de migrantes latinoamericanos [&hellip;]<\/p><div class=\"course-info\"><span class=\"course-price\"><span class=\"course-item-price\"><span class=\"free\">Gratis<\/span><\/span><\/span><div class=\"course-readmore\"><a href=\"https:\/\/www.intelac.eu\/es\/courses\/habilidades-laborales-para-migrantes-y-refugiados-latinoamericanos-curso-a-distancia\/\">Inscr\u00edbete ahora<\/a><\/div><\/div><\/div><\/div><\/li>\t\t\t\t<\/ul>\r\n\t\t\t<\/div>\r\n\t\t\t\t\t\t\t<\/div>\n\t\t\t\t<\/div>\n\t\t\t\t\t<\/div>\n\t\t<\/div>\n\t\t\t\t\t<\/div>\n\t\t<\/section>\n\t\t\t\t<\/div>\n\t\t","protected":false},"excerpt":{"rendered":"<p>https:\/\/www.intelac.eu\/wp-content\/uploads\/2024\/03\/intelac-ES.mp4 adminHabilidades laborales para migrantes y refugiados latinoamericanos Curso a distanciaLifetimeAll levels9 Lessons3 Quizzes52 Students FreeRead more<\/p>","protected":false},"author":1,"featured_media":0,"parent":0,"menu_order":0,"comment_status":"closed","ping_status":"closed","template":"elementor_theme","meta":{"footnotes":""},"class_list":["post-9289","page","type-page","status-publish","hentry"],"_links":{"self":[{"href":"https:\/\/www.intelac.eu\/es\/wp-json\/wp\/v2\/pages\/9289","targetHints":{"allow":["GET"]}}],"collection":[{"href":"https:\/\/www.intelac.eu\/es\/wp-json\/wp\/v2\/pages"}],"about":[{"href":"https:\/\/www.intelac.eu\/es\/wp-json\/wp\/v2\/types\/page"}],"author":[{"embeddable":true,"href":"https:\/\/www.intelac.eu\/es\/wp-json\/wp\/v2\/users\/1"}],"replies":[{"embeddable":true,"href":"https:\/\/www.intelac.eu\/es\/wp-json\/wp\/v2\/comments?post=9289"}],"version-history":[{"count":19,"href":"https:\/\/www.intelac.eu\/es\/wp-json\/wp\/v2\/pages\/9289\/revisions"}],"predecessor-version":[{"id":10771,"href":"https:\/\/www.intelac.eu\/es\/wp-json\/wp\/v2\/pages\/9289\/revisions\/10771"}],"wp:attachment":[{"href":"https:\/\/www.intelac.eu\/es\/wp-json\/wp\/v2\/media?parent=9289"}],"curies":[{"name":"wp","href":"https:\/\/api.w.org\/{rel}","templated":true}]}}